{"id":7875,"date":"2024-08-04T22:45:30","date_gmt":"2024-08-05T01:45:30","guid":{"rendered":"https:\/\/fashiondrinks.com\/tienda\/?post_type=product&#038;p=7875"},"modified":"2024-08-05T23:20:35","modified_gmt":"2024-08-06T02:20:35","slug":"combo-previa-fd","status":"publish","type":"product","link":"https:\/\/fashiondrinks.com\/tienda\/producto\/combo-previa-fd\/","title":{"rendered":"Combo Previa FD"},"content":{"rendered":"<p style=\"text-align: center;\"><span data-sheets-root=\"1\">Combo ideal para juntadas o fiestas con amigos, hasta <strong>30 personas<\/strong>, en raz\u00f3n de 3 c\u00f3cteles por persona.<br \/>\n<strong>El combo incluye:<\/strong><br \/>\n&#8211; 2 Fernet Branca de 1 litro<br \/>\n&#8211; 2 Gin Spiritu Blu de 700ml<br \/>\n-1 Vodka Wyborowa de 700ml<br \/>\n&#8211; 1 Ramazzotti Rosato de 700ml<br \/>\n&#8211; 2 Coca Cola regular de 2,25 litros<br \/>\n&#8211; 3 T\u00f3nicas Schweppes Regular<br \/>\n&#8211; 1 Jugo de Naranja de Litro.<br \/>\n<strong>Adem\u00e1s incluye recetario con c\u00e1lculo de hielo recomendado, vasos de acr\u00edlico y deshidratados FIKA<br \/>\npara decorar los c\u00f3cteles.<\/strong><\/span><\/p>\n","protected":false},"excerpt":{"rendered":"<p><span data-sheets-root=\"1\">Combo de bebidas para 30 personas<\/span><\/p>\n","protected":false},"featured_media":7876,"comment_status":"closed","ping_status":"closed","template":"","meta":[],"product_cat":[50,15],"product_tag":[],"class_list":{"0":"post-7875","1":"product","2":"type-product","3":"status-publish","4":"has-post-thumbnail","6":"product_cat-combos-fd","7":"product_cat-tienda","9":"first","10":"instock","11":"shipping-taxable","12":"product-type-simple"},"_links":{"self":[{"href":"https:\/\/fashiondrinks.com\/tienda\/wp-json\/wp\/v2\/product\/7875"}],"collection":[{"href":"https:\/\/fashiondrinks.com\/tienda\/wp-json\/wp\/v2\/product"}],"about":[{"href":"https:\/\/fashiondrinks.com\/tienda\/wp-json\/wp\/v2\/types\/product"}],"replies":[{"embeddable":true,"href":"https:\/\/fashiondrinks.com\/tienda\/wp-json\/wp\/v2\/comments?post=7875"}],"wp:featuredmedia":[{"embeddable":true,"href":"https:\/\/fashiondrinks.com\/tienda\/wp-json\/wp\/v2\/media\/7876"}],"wp:attachment":[{"href":"https:\/\/fashiondrinks.com\/tienda\/wp-json\/wp\/v2\/media?parent=7875"}],"wp:term":[{"taxonomy":"product_cat","embeddable":true,"href":"https:\/\/fashiondrinks.com\/tienda\/wp-json\/wp\/v2\/product_cat?post=7875"},{"taxonomy":"product_tag","embeddable":true,"href":"https:\/\/fashiondrinks.com\/tienda\/wp-json\/wp\/v2\/product_tag?post=7875"}],"curies":[{"name":"wp","href":"https:\/\/api.w.org\/{rel}","templated":true}]}}