{"id":7827,"date":"2024-07-07T12:51:10","date_gmt":"2024-07-07T15:51:10","guid":{"rendered":"https:\/\/fashiondrinks.com\/tienda\/?post_type=product&#038;p=7827"},"modified":"2024-08-10T16:55:12","modified_gmt":"2024-08-10T19:55:12","slug":"workshop-de-cocteleria","status":"publish","type":"product","link":"https:\/\/fashiondrinks.com\/tienda\/producto\/workshop-de-cocteleria\/","title":{"rendered":"WORKSHOP DE COCTELERIA"},"content":{"rendered":"","protected":false},"excerpt":{"rendered":"<div>Servicio de Workshops de Cocteler\u00eda, en donde con tus invitados van a poder aprender a hacer c\u00f3cteles cl\u00e1sicos y, por supuesto, degustarlos!<\/div>\n<div>Consta de una experiencia de aproximadamente\u00a0<strong>3:00hs<\/strong>, en donde mediante pr\u00e1ctica y teor\u00eda, vos y tus invitados, aprender\u00e1n a elaborar\u00a0<strong>4 c\u00f3cteles cl\u00e1sicos.<\/strong><\/div>\n<div>Sorprende a tus invitados con una experiencia \u00fanica.<\/div>\n<div><strong>Para grupos de entre 8 a 12 personas.<\/strong><\/div>\n<div>\t<div id=\"gap-1453496209\" class=\"gap-element clearfix\" style=\"display:block; height:auto;\">\n\t\t\n<style>\n#gap-1453496209 {\n  padding-top: 30px;\n}\n<\/style>\n\t<\/div>\n\t<\/div>\n<div><strong>HACE TU CONSULTA Y RECIBI NUESTRA PROPUESTA<br \/>\nPARA TU EVENTO<\/strong><\/div>\n<div>\t<div id=\"gap-1072063320\" class=\"gap-element clearfix\" style=\"display:block; height:auto;\">\n\t\t\n<style>\n#gap-1072063320 {\n  padding-top: 30px;\n}\n<\/style>\n\t<\/div>\n\t<\/div>\n","protected":false},"featured_media":7828,"comment_status":"closed","ping_status":"closed","template":"","meta":[],"product_cat":[15,51],"product_tag":[],"class_list":{"0":"post-7827","1":"product","2":"type-product","3":"status-publish","4":"has-post-thumbnail","6":"product_cat-tienda","7":"product_cat-experiencias","9":"first","10":"instock","11":"shipping-taxable","12":"product-type-external"},"_links":{"self":[{"href":"https:\/\/fashiondrinks.com\/tienda\/wp-json\/wp\/v2\/product\/7827"}],"collection":[{"href":"https:\/\/fashiondrinks.com\/tienda\/wp-json\/wp\/v2\/product"}],"about":[{"href":"https:\/\/fashiondrinks.com\/tienda\/wp-json\/wp\/v2\/types\/product"}],"replies":[{"embeddable":true,"href":"https:\/\/fashiondrinks.com\/tienda\/wp-json\/wp\/v2\/comments?post=7827"}],"wp:featuredmedia":[{"embeddable":true,"href":"https:\/\/fashiondrinks.com\/tienda\/wp-json\/wp\/v2\/media\/7828"}],"wp:attachment":[{"href":"https:\/\/fashiondrinks.com\/tienda\/wp-json\/wp\/v2\/media?parent=7827"}],"wp:term":[{"taxonomy":"product_cat","embeddable":true,"href":"https:\/\/fashiondrinks.com\/tienda\/wp-json\/wp\/v2\/product_cat?post=7827"},{"taxonomy":"product_tag","embeddable":true,"href":"https:\/\/fashiondrinks.com\/tienda\/wp-json\/wp\/v2\/product_tag?post=7827"}],"curies":[{"name":"wp","href":"https:\/\/api.w.org\/{rel}","templated":true}]}}