{"id":761,"date":"2020-11-14T17:04:39","date_gmt":"2020-11-14T20:04:39","guid":{"rendered":"https:\/\/fashiondrinks.com\/tienda\/?post_type=product&#038;p=761"},"modified":"2024-08-07T22:52:56","modified_gmt":"2024-08-08T01:52:56","slug":"fd-box-cocteles-de-autor","status":"publish","type":"product","link":"https:\/\/fashiondrinks.com\/tienda\/producto\/fd-box-cocteles-de-autor\/","title":{"rendered":"FD Box C\u00f3cteles de Autor"},"content":{"rendered":"<p><strong>Degustaci\u00f3n de 6 c\u00f3cteles de autor con sus respectivos garnish:<\/strong><br \/>\n&#8211; <strong>Basil<\/strong> (Gin, Cordial de Albahaca, Lim\u00f3n)<br \/>\n&#8211; <strong>Cocobongo<\/strong> (Ron, Coco, Naranja, Lim\u00f3n)<br \/>\n&#8211; <strong>Harlem<\/strong> (Gin, Sauco, Lim\u00f3n)<br \/>\n&#8211; <strong>Clara<\/strong> (Vodka, Vermut Bianco, Cordial de Maracuy\u00e1)<br \/>\n&#8211; <strong>Paper Plane<\/strong> (Whisky, Aperol, Cynar, Lim\u00f3n)<br \/>\n&#8211; <strong>Rosato<\/strong> (Gin, Ramazzoti Rosato, Cordial de Pomelo)<\/p>\n","protected":false},"excerpt":{"rendered":"<p><span style=\"color: #000000;\">6 c\u00f3cteles de autor ready to drink de 200ml<br \/>\nNuestra cocteler\u00eda es preparada especialmente para vos, es por eso que una vez realizada la compra, el proceso de producci\u00f3n demora 24 hs. <\/span><\/p>\n","protected":false},"featured_media":7836,"comment_status":"closed","ping_status":"closed","template":"","meta":[],"product_cat":[15,49],"product_tag":[],"class_list":{"0":"post-761","1":"product","2":"type-product","3":"status-publish","4":"has-post-thumbnail","6":"product_cat-tienda","7":"product_cat-bebidas-y-cocteles","9":"first","10":"instock","11":"featured","12":"shipping-taxable","13":"product-type-simple"},"_links":{"self":[{"href":"https:\/\/fashiondrinks.com\/tienda\/wp-json\/wp\/v2\/product\/761"}],"collection":[{"href":"https:\/\/fashiondrinks.com\/tienda\/wp-json\/wp\/v2\/product"}],"about":[{"href":"https:\/\/fashiondrinks.com\/tienda\/wp-json\/wp\/v2\/types\/product"}],"replies":[{"embeddable":true,"href":"https:\/\/fashiondrinks.com\/tienda\/wp-json\/wp\/v2\/comments?post=761"}],"wp:featuredmedia":[{"embeddable":true,"href":"https:\/\/fashiondrinks.com\/tienda\/wp-json\/wp\/v2\/media\/7836"}],"wp:attachment":[{"href":"https:\/\/fashiondrinks.com\/tienda\/wp-json\/wp\/v2\/media?parent=761"}],"wp:term":[{"taxonomy":"product_cat","embeddable":true,"href":"https:\/\/fashiondrinks.com\/tienda\/wp-json\/wp\/v2\/product_cat?post=761"},{"taxonomy":"product_tag","embeddable":true,"href":"https:\/\/fashiondrinks.com\/tienda\/wp-json\/wp\/v2\/product_tag?post=761"}],"curies":[{"name":"wp","href":"https:\/\/api.w.org\/{rel}","templated":true}]}}