{"id":1509,"date":"2021-07-05T20:54:25","date_gmt":"2021-07-05T23:54:25","guid":{"rendered":"https:\/\/fashiondrinks.com\/tienda\/?post_type=product&#038;p=1509"},"modified":"2024-08-05T23:23:21","modified_gmt":"2024-08-06T02:23:21","slug":"negroni-ready-to-drink","status":"publish","type":"product","link":"https:\/\/fashiondrinks.com\/tienda\/producto\/negroni-ready-to-drink\/","title":{"rendered":"Negroni Ready to Drink"},"content":{"rendered":"<p style=\"text-align: center;\"><span data-sheets-root=\"1\">Una opci\u00f3n ideal para los amantes de este gran cl\u00e1sico de la cocteler\u00eda que contiene <strong>Gin, Campari y Vermut Rosso.<\/strong><br \/>\nBotella de <strong>750ml<\/strong> <strong>de Negroni<\/strong> listo para tomar, con deshidratados de <strong>Naranja FIKA<\/strong>.<br \/>\n<strong>\u00a1S\u00f3lo tenes que servirlo con hielo, decorarlo y disfrutar!<\/strong><\/span><\/p>\n<p>&nbsp;<\/p>\n<p>&nbsp;<\/p>\n<p>&nbsp;<\/p>\n","protected":false},"excerpt":{"rendered":"<p><span style=\"color: #000000;\"><strong>Negroni de 750ml con deshidratados de Naranja FIKA<\/strong><br \/>\nNuestra cocteler\u00eda es preparada especialmente para vos, es por eso que una vez realizada la compra, el proceso de producci\u00f3n demora 24 hs. <\/span><\/p>\n","protected":false},"featured_media":7841,"comment_status":"closed","ping_status":"closed","template":"","meta":[],"product_cat":[15,49],"product_tag":[],"class_list":{"0":"post-1509","1":"product","2":"type-product","3":"status-publish","4":"has-post-thumbnail","6":"product_cat-tienda","7":"product_cat-bebidas-y-cocteles","9":"first","10":"instock","11":"featured","12":"shipping-taxable","13":"product-type-simple"},"_links":{"self":[{"href":"https:\/\/fashiondrinks.com\/tienda\/wp-json\/wp\/v2\/product\/1509"}],"collection":[{"href":"https:\/\/fashiondrinks.com\/tienda\/wp-json\/wp\/v2\/product"}],"about":[{"href":"https:\/\/fashiondrinks.com\/tienda\/wp-json\/wp\/v2\/types\/product"}],"replies":[{"embeddable":true,"href":"https:\/\/fashiondrinks.com\/tienda\/wp-json\/wp\/v2\/comments?post=1509"}],"wp:featuredmedia":[{"embeddable":true,"href":"https:\/\/fashiondrinks.com\/tienda\/wp-json\/wp\/v2\/media\/7841"}],"wp:attachment":[{"href":"https:\/\/fashiondrinks.com\/tienda\/wp-json\/wp\/v2\/media?parent=1509"}],"wp:term":[{"taxonomy":"product_cat","embeddable":true,"href":"https:\/\/fashiondrinks.com\/tienda\/wp-json\/wp\/v2\/product_cat?post=1509"},{"taxonomy":"product_tag","embeddable":true,"href":"https:\/\/fashiondrinks.com\/tienda\/wp-json\/wp\/v2\/product_tag?post=1509"}],"curies":[{"name":"wp","href":"https:\/\/api.w.org\/{rel}","templated":true}]}}