{"id":1419,"date":"2021-06-09T14:08:46","date_gmt":"2021-06-09T17:08:46","guid":{"rendered":"https:\/\/fashiondrinks.com\/tienda\/?post_type=product&#038;p=1419"},"modified":"2024-08-07T22:55:05","modified_gmt":"2024-08-08T01:55:05","slug":"fd-box-cocteles-clasicos","status":"publish","type":"product","link":"https:\/\/fashiondrinks.com\/tienda\/producto\/fd-box-cocteles-clasicos\/","title":{"rendered":"FD Box C\u00f3cteles Cl\u00e1sicos"},"content":{"rendered":"<p><strong>Degustaci\u00f3n de 6 c\u00f3cteles cl\u00e1sicos con sus respectivos garnish:<\/strong><br \/>\n<strong>&#8211; Negroni<\/strong> (Gin, Vermut Rosso, Campari)<br \/>\n<strong>&#8211; Old Fashioned<\/strong> (Bourbon, Bitter, Almibar)<br \/>\n<strong>&#8211; Bees Knees<\/strong> (Gin, Lim\u00f3n, Miel)<br \/>\n<strong>&#8211; Daiquiri<\/strong> (Ron Blanco, Lima, Almibar)<br \/>\n<strong>&#8211; Espresso<\/strong> (Vodka, Cafe, Vainilla)<br \/>\n<strong>&#8211; Cosmopolitan<\/strong> (Vodka, Licor de Naranja, Ar\u00e1ndanos, Lim\u00f3n)<\/p>\n","protected":false},"excerpt":{"rendered":"<p><span style=\"color: #000000;\">6 c\u00f3cteles cl\u00e1sicos ready to drink de 200ml.<br \/>\nNuestra cocteler\u00eda es preparada especialmente para vos, es por eso que una vez realizada la compra, el proceso de producci\u00f3n demora 24 hs. <\/span><\/p>\n","protected":false},"featured_media":7839,"comment_status":"closed","ping_status":"closed","template":"","meta":[],"product_cat":[15,49],"product_tag":[],"class_list":{"0":"post-1419","1":"product","2":"type-product","3":"status-publish","4":"has-post-thumbnail","6":"product_cat-tienda","7":"product_cat-bebidas-y-cocteles","9":"first","10":"instock","11":"featured","12":"shipping-taxable","13":"product-type-simple"},"_links":{"self":[{"href":"https:\/\/fashiondrinks.com\/tienda\/wp-json\/wp\/v2\/product\/1419"}],"collection":[{"href":"https:\/\/fashiondrinks.com\/tienda\/wp-json\/wp\/v2\/product"}],"about":[{"href":"https:\/\/fashiondrinks.com\/tienda\/wp-json\/wp\/v2\/types\/product"}],"replies":[{"embeddable":true,"href":"https:\/\/fashiondrinks.com\/tienda\/wp-json\/wp\/v2\/comments?post=1419"}],"wp:featuredmedia":[{"embeddable":true,"href":"https:\/\/fashiondrinks.com\/tienda\/wp-json\/wp\/v2\/media\/7839"}],"wp:attachment":[{"href":"https:\/\/fashiondrinks.com\/tienda\/wp-json\/wp\/v2\/media?parent=1419"}],"wp:term":[{"taxonomy":"product_cat","embeddable":true,"href":"https:\/\/fashiondrinks.com\/tienda\/wp-json\/wp\/v2\/product_cat?post=1419"},{"taxonomy":"product_tag","embeddable":true,"href":"https:\/\/fashiondrinks.com\/tienda\/wp-json\/wp\/v2\/product_tag?post=1419"}],"curies":[{"name":"wp","href":"https:\/\/api.w.org\/{rel}","templated":true}]}}